{"id":137,"date":"2021-02-18T18:36:06","date_gmt":"2021-02-18T17:36:06","guid":{"rendered":"https:\/\/boostnbiz.com\/index.php\/mesmerize\/"},"modified":"2023-02-13T11:40:16","modified_gmt":"2023-02-13T10:40:16","slug":"mesmerize","status":"publish","type":"page","link":"https:\/\/boostnbiz.com\/","title":{"rendered":"Front Page"},"content":{"rendered":"<div  data-label=\"Features\" data-id=\"features--1\" data-export-id=\"features-16-card-bordered\" data-category=\"features\" class=\"features-16-card-bordered content-section content-section-spacing\" id=\"features-1\" style=\"background-color: rgb(245, 250, 253);\"><div  class=\"gridContainer\"> <div  class=\"row text-center\"><div  class=\"section-title-col\" data-type=\"column\"> <h2  class=\"\" style=\"border-bottom-color: rgb(7, 41, 70);\">Always in Shape<br >Vous et votre business toujours en forme !<\/h2> <p  class=\"lead\">Boost\u2019n Biz vous accompagne sur les postes essentiels de votre activit\u00e9, de la cr\u00e9ation au d\u00e9veloppement en passant par la gestion de votre image.<\/p><\/div> <\/div> <div  class=\"row spaced-cols\" data-type=\"row\"> <div  class=\"col-xs-12 col-sm-6 col-md-4\"> <div  class=\"card no-padding bordered y-move\"> <img  decoding=\"async\" class=\"face\" src=\"https:\/\/boostnbiz.com\/wp-content\/uploads\/2023\/02\/cropped-FOCUSE1.jpg\" title=\"cropped-FOCUSE1.jpg\" alt=\"\"> <div  data-type=\"column\" class=\"col-padding-small col-padding-small-xs description-container\"> <h4  class=\"font-500\">Conseil en d\u00e9veloppement d\u2019entreprise, marketing, strat\u00e9gie commerciale<\/h4> <p  class=\"\">Boost\u2019n Biz vous accompagne dans le d\u00e9veloppement de votre structure et vous propose ses services de :<br ><br >\u2013 D\u00e9tection de nouveaux clients.<br ><br >\u2013 Nouveaux march\u00e9s.<br ><br >\u2013 Prospection commerciale.<\/p><\/div> <div  data-type=\"column\" class=\"col-padding-small col-padding-small-xs read-more-container\"><a class=\"read-more\" href=\"https:\/\/boostnbiz.com\/index.php\/contact\" target=\"_self\" data-cp-link=\"1\" rel=\"noopener\">En savoir plus<\/a><\/div> <\/div><\/div> <div  class=\"col-xs-12 col-sm-6 col-md-4\"><div  class=\"card no-padding bordered y-move\"> <img  decoding=\"async\" class=\"face\" src=\"https:\/\/boostnbiz.com\/wp-content\/uploads\/2023\/02\/dev-web.jpg\" title=\"dev web\" alt=\"\"> <div  data-type=\"column\" class=\"col-padding-small col-padding-small-xs description-container\"> <h4  class=\"font-500\">Cr\u00e9ation Web, r\u00e9f\u00e9rencement <br >et gestion des r\u00e9seaux sociaux<\/h4> <p  class=\"\">Boost\u2019n Biz vous offre la possibilit\u00e9 d\u2019optimiser votre visibilit\u00e9 sur les r\u00e9seaux sociaux, sur les moteurs de recherche :<br ><br >\u2013 Gestion des r\u00e9seaux sociaux.<br ><br >\u2013 Campagne de r\u00e9f\u00e9rencement.<br ><br >\u2013 Cr\u00e9ation web.<\/p><\/div> <div  data-type=\"column\" class=\"col-padding-small col-padding-small-xs read-more-container\"><a class=\"read-more\" href=\"https:\/\/boostnbiz.com\/index.php\/contact\" target=\"_self\" data-cp-link=\"1\" rel=\"noopener\">En savoir plus<\/a><\/div> <\/div><\/div> <div  class=\"col-xs-12 col-sm-6 col-md-4\"><div  class=\"card no-padding bordered y-move\"> <img  decoding=\"async\" class=\"face\" src=\"https:\/\/boostnbiz.com\/wp-content\/uploads\/2023\/02\/close-up-shoes-female-runner-tying-her-shoes-for-jogging-exercise.jpg\" title=\"close-up-shoes-female-runner-tying-her-shoes-for-jogging-exercise\" alt=\"\"> <div  data-type=\"column\" class=\"col-padding-small col-padding-small-xs description-container\"> <h4  class=\"font-500\">Forme, sant\u00e9, nutrition<br >Accompagnement<\/h4> <p  class=\"\">Boost\u2019n Biz vous offre la possibilit\u00e9 d\u2019optimiser vos comp\u00e9tences en augmentant vos capacit\u00e9s avec :\n<br ><br >\u2013 Forme.\n<br ><br >\u2013 Nutrition.\n<br ><br >\u2013 Accompagnement.<\/p><\/div> <div  data-type=\"column\" class=\"col-padding-small col-padding-small-xs read-more-container\"><a class=\"read-more\" href=\"https:\/\/boostnbiz.com\/index.php\/contact\" target=\"_self\" data-cp-link=\"1\" rel=\"noopener\">En savoir plus<\/a><\/div> <\/div><\/div> <\/div><\/div> <\/div><div  id=\"content-13\" style=\"background-color: rgb(255, 255, 255); background-image: none;\" data-label=\"Content\" data-id=\"content-2\" data-export-id=\"content-2\" data-category=\"content\" class=\"content-2 content-section content-section-spacing\"><div > <div  class=\"row middle-xs\"><div  class=\"col-sm-5 bg-image shadow-large-black\" data-bg=\"image\" style=\"background-image: url(&quot;https:\/\/boostnbiz.com\/wp-content\/uploads\/2023\/02\/krakenimages-376KN_ISplE-unsplash2.jpg&quot;);\"><\/div> <div  class=\"col-sm-7 full-col-left-padding full-col-right-padding\"> <div  class=\"row\"> <div  data-type=\"column\" class=\"space-bottom-small content-title-col\"> <h5  class=\"\">Boost\u2019n Biz<\/h5> <h2  class=\"\" style=\"border-bottom-color: rgb(7, 41, 70);\">Le secret de notre succ\u00e8s<\/h2> <p  class=\"\">Notre \u00e9quipe est constitu\u00e9e d\u2019experts dans les domaines de comp\u00e9tence cl\u00e9 pour le d\u00e9veloppement d\u2019entreprise :<\/p><\/div> <\/div> <div  class=\"row spaced-cols \" data-type=\"row\"> <div  class=\"col-xs-6\" data-type=\"column\"> <h5  class=\"\">ADMINISTRATION COMMERCIALE ET COMPTABLE.<\/h5> <img  decoding=\"async\" class=\"custom-image\" src=\"https:\/\/boostnbiz.com\/wp-content\/uploads\/2023\/02\/Administration1-1.png\" title=\"Administration1\" alt=\"\"><\/div> <div  class=\"col-xs-6\" data-type=\"column\"><h5  class=\"\">DEVELOPPEMENT \n<br >COMMERCIALE.<\/h5> <img  decoding=\"async\" class=\"custom-image\" src=\"https:\/\/boostnbiz.com\/wp-content\/uploads\/2023\/02\/Pictos1-1.png\" title=\"Pictos1\" alt=\"\"><\/div> <div  class=\"col-xs-6\" data-type=\"column\"><h5  class=\"\">COMMUNICATION.<\/h5> <img  decoding=\"async\" class=\"custom-image\" src=\"https:\/\/boostnbiz.com\/wp-content\/uploads\/2023\/02\/Communication1-1.png\" title=\"Communication1\" alt=\"\"><\/div>  <div  class=\"col-xs-6\" data-type=\"column\"> <h5  class=\"\">FORME SANTE NUTRITION.<\/h5> <img  decoding=\"async\" class=\"custom-image\" src=\"https:\/\/boostnbiz.com\/wp-content\/uploads\/2023\/02\/Pictos-forme-sante-01.png\" title=\"Pictos forme sante-01\" alt=\"\"><\/div><\/div><\/div> <\/div><\/div> <\/div><div  id=\"counters-2\" style=\"background-color: #f5fafd;\" data-label=\"Counters\" data-id=\"counters-2\" data-export-id=\"counters-2\" data-category=\"counters\" class=\"counters-2 content-section content-section-spacing\"><div  class=\"gridContainer\"> <div  class=\"row text-center\"><div  class=\"section-title-col\" data-type=\"column\"> <h2  class=\"\" style=\"border-bottom-color: rgb(7, 41, 70);\">BOOST\u2019N BIZ Aujourd\u2019hui !<\/h2> <\/div> <\/div> <div  class=\"row\" data-type=\"row\"> <div  class=\"col-xs-12 col-sm-4 text-center space-bottom\"> <i  class=\"fa fa-envira icon color1\"><\/i> <h3  class=\"font-400\" data-min=\"0\" data-max=\"128\" data-duration=\"2000\" data-prefix=\"\" data-suffix=\"+\" data-countup=\"true\" style=\"display: inline-block;\"><\/h3> <h5  class=\"upper color2\">GESTION EN COURS<\/h5><\/div> <div  class=\"col-xs-12 col-sm-4 text-center space-bottom\"><i  class=\"fa fa-smile-o icon color1\"><\/i> <h3  class=\"font-400\" data-min=\"10000\" data-max=\"2346\" data-duration=\"2000\" data-prefix=\"\" data-suffix=\"+\" data-countup=\"true\" style=\"display: inline-block;\"><\/h3> <h5  class=\"upper color2\">CLIENTS SATISFAITS<\/h5><\/div> <div  class=\"col-xs-12 col-sm-4 text-center space-bottom\"><i  class=\"fa fa-trophy icon color1\"><\/i> <h3  class=\"font-400\" data-min=\"0\" data-max=\"29\" data-duration=\"2000\" data-prefix=\"\" data-suffix=\"+\" data-countup=\"true\" style=\"display: inline-block;\"><\/h3> <h5  class=\"upper color2\">RECOMPENSES<\/h5><\/div> <\/div><\/div> <\/div><div  data-label=\"Content\" data-id=\"content--1\" data-export-id=\"content-7\" data-category=\"content\" class=\"content-7 content-section content-section-spacing\" id=\"content-14\" style=\"background-color: rgb(255, 255, 255); background-image: none;\"><div  class=\"gridContainer\"> <div  class=\"row middle-sm\"><div  class=\"col-sm-6 space-bottom-xs\" data-type=\"column\"> <h2  class=\"\" style=\"border-bottom-color: rgb(7, 41, 70);\">A votre tour<\/h2> <p  class=\"\">Demander un devis simple et sans engagement et obtenez plus d\u2019informations sur les possibilit\u00e9s de cr\u00e9ation et de d\u00e9veloppement de votre business.<\/p> <a class=\"button color1\" href=\"https:\/\/boostnbiz.com\/index.php\/contact\" target=\"_self\" data-cp-link=\"1\" rel=\"noopener\">Demandez votre devis<\/a><\/div> <div  class=\"col-sm-6\" data-type=\"column\"> <img  decoding=\"async\" class=\"shadow-large\" src=\"https:\/\/boostnbiz.com\/wp-content\/uploads\/2023\/02\/cropped-inspecteur-financier-secretaire-entreprise-font-rapport-calculent-verifient-equilibre-document-verification-inspecteur-du-service-recettes-internes-concept-audit.jpg\" title=\"cropped-inspecteur-financier-secretaire-entreprise-font-rapport-calculent-verifient-equilibre-document-verification-inspecteur-du-service-recettes-internes-concept-audit.jpg\" alt=\"\"><\/div> <\/div><\/div> <\/div><div  id=\"cta-1\" data-label=\"Cta\" data-id=\"cta-blue-section\" data-export-id=\"cta-blue-section\" data-category=\"cta\" class=\"cta-blue-section content-section content-section-spacing-medium bg-color1 white-text\"><div  class=\"gridContainer\"> <div  class=\"row middle-xs\"><div  class=\"col-sm-8 space-bottom-xs\" data-type=\"column\"> <h2  class=\"\" style=\"border-bottom-color: rgb(7, 41, 70);\">Prenez une minute pour d\u00e9couvrir nos solutions\u2026<\/h2> <\/div> <div  class=\"col-sm-4 end-sm\" data-type=\"column\"> <a class=\"button color2\" href=\"https:\/\/boostnbiz.com\/index.php\/contact\" target=\"_self\" data-cp-link=\"1\" rel=\"noopener\">CONTACT<\/a><\/div> <\/div><\/div> <\/div><p ><\/p>","protected":false},"excerpt":{"rendered":"<p>Always in ShapeVous et votre business toujours en forme ! Boost\u2019n Biz vous accompagne sur les postes essentiels de votre activit\u00e9, de la cr\u00e9ation au d\u00e9veloppement en passant par la gestion de votre image. Conseil en d\u00e9veloppement d\u2019entreprise, marketing, strat\u00e9gie commerciale Boost\u2019n Biz vous accompagne dans le d\u00e9veloppement de votre structure et vous propose ses&hellip; <br \/> <a class=\"read-more\" href=\"https:\/\/boostnbiz.com\/\">Lire la suite<\/a><\/p>\n","protected":false},"author":1,"featured_media":0,"parent":0,"menu_order":0,"comment_status":"closed","ping_status":"closed","template":"page-templates\/homepage.php","meta":[],"_links":{"self":[{"href":"https:\/\/boostnbiz.com\/index.php\/wp-json\/wp\/v2\/pages\/137"}],"collection":[{"href":"https:\/\/boostnbiz.com\/index.php\/wp-json\/wp\/v2\/pages"}],"about":[{"href":"https:\/\/boostnbiz.com\/index.php\/wp-json\/wp\/v2\/types\/page"}],"author":[{"embeddable":true,"href":"https:\/\/boostnbiz.com\/index.php\/wp-json\/wp\/v2\/users\/1"}],"replies":[{"embeddable":true,"href":"https:\/\/boostnbiz.com\/index.php\/wp-json\/wp\/v2\/comments?post=137"}],"version-history":[{"count":24,"href":"https:\/\/boostnbiz.com\/index.php\/wp-json\/wp\/v2\/pages\/137\/revisions"}],"predecessor-version":[{"id":275,"href":"https:\/\/boostnbiz.com\/index.php\/wp-json\/wp\/v2\/pages\/137\/revisions\/275"}],"wp:attachment":[{"href":"https:\/\/boostnbiz.com\/index.php\/wp-json\/wp\/v2\/media?parent=137"}],"curies":[{"name":"wp","href":"https:\/\/api.w.org\/{rel}","templated":true}]}}